{"id":13,"date":"2023-05-04T20:58:42","date_gmt":"2023-05-04T18:58:42","guid":{"rendered":"https:\/\/prdhotelgio.wpengine.com\/en\/?page_id=13"},"modified":"2023-05-16T10:56:14","modified_gmt":"2023-05-16T08:56:14","slug":"imprint","status":"publish","type":"page","link":"https:\/\/hotel-gio.de\/en\/imprint\/","title":{"rendered":"Imprint"},"content":{"rendered":"<p>[et_pb_section fb_built=&#8221;1&#8243; admin_label=&#8221;impressum&#8221; module_id=&#8221;wrapper_03_impressum&#8221; module_class=&#8221;wrapper_03_impressum&#8221; _builder_version=&#8221;4.21.0&#8243; _module_preset=&#8221;default&#8221; background_color=&#8221;RGBA(255,255,255,0)&#8221; locked=&#8221;off&#8221; global_colors_info=&#8221;{}&#8221;][et_pb_row admin_label=&#8221;impressum&#8221; module_id=&#8221;wrapper_02_impressum&#8221; module_class=&#8221;wrapper_02_impressum&#8221; _builder_version=&#8221;4.20.2&#8243; _module_preset=&#8221;default&#8221; global_colors_info=&#8221;{}&#8221;][et_pb_column type=&#8221;4_4&#8243; _builder_version=&#8221;4.20.2&#8243; _module_preset=&#8221;default&#8221; global_colors_info=&#8221;{}&#8221;][et_pb_text admin_label=&#8221;impressum&#8221; module_id=&#8221;wrapper_01_impressum&#8221; module_class=&#8221;wrapper_01_impressum&#8221; _builder_version=&#8221;4.21.0&#8243; _module_preset=&#8221;default&#8221; hover_enabled=&#8221;0&#8243; global_colors_info=&#8221;{}&#8221; sticky_enabled=&#8221;0&#8243;]<\/p>\n<h1>IMPRINT<\/h1>\n<h4>Details in accordance with section 5 of the german telemedia ACT (TMG)<\/h4>\n<p>Eckelmann Hotel Group GmbH<br \/>\nH\u00e4berlstra\u00dfe 9<br \/>\n80337 M\u00fcnchen<\/p>\n<h4>Represented by:<\/h4>\n<p>Point of contact: Raphael Koppmann<br \/>\nTelefax: +49 (0)89 552 932 91<br \/>\nE-Mail: info@eckelmann-hotelgroup.de<\/p>\n<h4>Registry Entry:<\/h4>\n<p>Entry in the Trade and Commercial Register:<br \/>\nRegistry Court: Munich District Court<br \/>\nRegister number: HRB 229117<br \/>\nVAT number: DE309098482<\/p>\n<h3>DISCLAIMER<\/h3>\n<h4>Liability for content<\/h4>\n<p>As a service provider, in accordance with Section 7 (1) TMG we are responsible for some content in accordance with general legislation. Nevertheless, in accordance with Sections 8 to 10 TMG we are not obliged to monitor transmitted or stored third party information, or research circumstances that point to unlawful activity. Obligations to remove or block the use of information in accordance with general legislation remain unaffected by this. However, liability in this respect is not possible until being made aware of a specific breach of legislation. In the event of being made aware of corresponding breaches of legislation, we will remove this content without delay.<\/p>\n<h4>Liability for links<\/h4>\n<p>Our product contains links to external third-party websites, over the content of which we have no influence. For this reason, we are unable to provide any guarantee for this external content either. The respective provider or operator of the sites is responsible for the content of the linked sites. The linked sites were checked for possible breaches of legislation at the time of linking. No unlawful content could be identified at the time of linking. However, permanently checking the content of linked sites is not reasonable without a specific indicator of legislation being breached. In the event of being made aware of breaches of legislation, we will remove this content without delay.<\/p>\n<h4>Copyright<\/h4>\n<p>Content and works on these pages created by the site operator are subject to German copyright legislation. The reproduction, editing, dissemination and any type of exploitation outside the boundaries of copyright require the written consent of the respective author or, as may apply, creator. Downloads and copies of this site are only permitted for private, non-commercial use. Where the content on this site was not created by the operator, third-party copyright is observed. In particular, third-party copyright is identified as such. Should you nevertheless become aware of a breach of copyright, please notify us accordingly. In the event of being made aware of breaches of legislation, we will remove such content without delay.<\/p>\n<h3>OTHER<\/h3>\n<p>We are obliged to inform you of the link to online resolution of disputes under consumer legislation in accordance with EU Regulation 524\/2013: <a href=\"httpss:\/\/ec.europa.eu\/consumers\/odr\/main\/index.cfm?event=main.home.chooseLanguage\" target=\"_blank\" rel=\"noopener\">LINK TO EU ONLINE-PLATTFORM<\/a>[\/et_pb_text][\/et_pb_column][\/et_pb_row][\/et_pb_section][et_pb_section fb_built=&#8221;1&#8243; admin_label=&#8221;google_map&#8221; module_id=&#8221;wrapper_03_google_map&#8221; module_class=&#8221;wrapper_03_google_map&#8221; _builder_version=&#8221;4.21.0&#8243; _module_preset=&#8221;default&#8221; background_color=&#8221;#3c3c3b&#8221; custom_margin=&#8221;0px|0px|0px|0px|false|false&#8221; custom_padding=&#8221;0px|0px|0px|0px|false|false&#8221; global_module=&#8221;57&#8243; saved_tabs=&#8221;all&#8221; locked=&#8221;off&#8221; collapsed=&#8221;off&#8221; global_colors_info=&#8221;{}&#8221;][et_pb_row column_structure=&#8221;3_5,2_5&#8243; use_custom_gutter=&#8221;on&#8221; make_equal=&#8221;on&#8221; admin_label=&#8221;google_map&#8221; module_id=&#8221;wrapper_02_google_map&#8221; module_class=&#8221;wrapper_02_google_map&#8221; _builder_version=&#8221;4.20.4&#8243; _module_preset=&#8221;default&#8221; width=&#8221;100%&#8221; max_width=&#8221;2560px&#8221; min_height=&#8221;100%&#8221; global_colors_info=&#8221;{}&#8221;][et_pb_column type=&#8221;3_5&#8243; _builder_version=&#8221;4.19.5&#8243; _module_preset=&#8221;default&#8221; global_colors_info=&#8221;{}&#8221;][et_pb_image src=&#8221;https:\/\/prdhotelgio.wpengine.com\/en\/wp-content\/uploads\/sites\/4\/2023\/05\/google_map_en.jpg&#8221; title_text=&#8221;google_map_en&#8221; admin_label=&#8221;google_map&#8221; module_id=&#8221;wrapper_01_google_map&#8221; module_class=&#8221;wrapper_01_google_map&#8221; _builder_version=&#8221;4.21.0&#8243; _module_preset=&#8221;default&#8221; global_colors_info=&#8221;{}&#8221;][\/et_pb_image][\/et_pb_column][et_pb_column type=&#8221;2_5&#8243; _builder_version=&#8221;4.19.5&#8243; _module_preset=&#8221;default&#8221; global_colors_info=&#8221;{}&#8221;][et_pb_text admin_label=&#8221;perfect_location_liste&#8221; module_id=&#8221;wrapper_01_perfect_location_liste&#8221; module_class=&#8221;wrapper_01_perfect_location_liste&#8221; _builder_version=&#8221;4.21.0&#8243; _module_preset=&#8221;default&#8221; global_colors_info=&#8221;{}&#8221;]<\/p>\n<div class=\"wrapper_perfekte_lage\">\n<h2>Perfect location<\/h2>\n<ul>\n<li>Subway station Goetheplatz &#8211; 200 m\u2028<br \/>(Subway lines U3 \/ U6)<\/li>\n<li>Theresienwiese \/ Oktoberfest &#8211; 600 m<\/li>\n<li>Central Station &#8211; 1,4 km<\/li>\n<li>Marienplatz (Citycenter) &#8211; 1,7 km<\/li>\n<li>Sendlinger Tor &#8211; 950 m<\/li>\n<li>Allianz Arena (FC Bayern soccer stadium) &#8211; 13 km<\/br>\u2028(direct connection via U6)<\/li>\n<li>Fair grounds &#8211; 12 km<\/li>\n<\/ul>\n<\/div>\n<p>[\/et_pb_text][\/et_pb_column][\/et_pb_row][\/et_pb_section]<\/p>\n","protected":false},"excerpt":{"rendered":"<p>IMPRINT Details in accordance with section 5 of the german telemedia ACT (TMG) Eckelmann Hotel Group GmbH H\u00e4berlstra\u00dfe 9 80337 M\u00fcnchen Represented by: Point of contact: Raphael Koppmann Telefax: +49 (0)89 552 932 91 E-Mail: info@eckelmann-hotelgroup.de Registry Entry: Entry in the Trade and Commercial Register: Registry Court: Munich District Court Register number: HRB 229117 VAT [&hellip;]<\/p>\n","protected":false},"author":1,"featured_media":0,"parent":0,"menu_order":3,"comment_status":"closed","ping_status":"closed","template":"","meta":{"_et_pb_use_builder":"on","_et_pb_old_content":"","_et_gb_content_width":"","footnotes":""},"dipi_cpt_category":[],"class_list":["post-13","page","type-page","status-publish","hentry"],"yoast_head":"<!-- This site is optimized with the Yoast SEO plugin v27.5 - https:\/\/yoast.com\/product\/yoast-seo-wordpress\/ -->\n<title>Imprint - Gio Hotel Munich<\/title>\n<meta name=\"robots\" content=\"index, follow, max-snippet:-1, max-image-preview:large, max-video-preview:-1\" \/>\n<link rel=\"canonical\" href=\"https:\/\/hotel-gio.de\/en\/imprint\/\" \/>\n<meta property=\"og:locale\" content=\"en_GB\" \/>\n<meta property=\"og:type\" content=\"article\" \/>\n<meta property=\"og:title\" content=\"Imprint - Gio Hotel Munich\" \/>\n<meta property=\"og:description\" content=\"IMPRINT Details in accordance with section 5 of the german telemedia ACT (TMG) Eckelmann Hotel Group GmbH H\u00e4berlstra\u00dfe 9 80337 M\u00fcnchen Represented by: Point of contact: Raphael Koppmann Telefax: +49 (0)89 552 932 91 E-Mail: info@eckelmann-hotelgroup.de Registry Entry: Entry in the Trade and Commercial Register: Registry Court: Munich District Court Register number: HRB 229117 VAT [&hellip;]\" \/>\n<meta property=\"og:url\" content=\"https:\/\/hotel-gio.de\/en\/imprint\/\" \/>\n<meta property=\"og:site_name\" content=\"Gio Hotel Munich\" \/>\n<meta property=\"article:modified_time\" content=\"2023-05-16T08:56:14+00:00\" \/>\n<meta name=\"twitter:card\" content=\"summary_large_image\" \/>\n<meta name=\"twitter:label1\" content=\"Estimated reading time\" \/>\n\t<meta name=\"twitter:data1\" content=\"3 minutes\" \/>\n<script type=\"application\/ld+json\" class=\"yoast-schema-graph\">{\"@context\":\"https:\\\/\\\/schema.org\",\"@graph\":[{\"@type\":\"WebPage\",\"@id\":\"https:\\\/\\\/hotel-gio.de\\\/en\\\/imprint\\\/\",\"url\":\"https:\\\/\\\/hotel-gio.de\\\/en\\\/imprint\\\/\",\"name\":\"Imprint - Gio Hotel Munich\",\"isPartOf\":{\"@id\":\"https:\\\/\\\/hotel-gio.de\\\/en\\\/#website\"},\"datePublished\":\"2023-05-04T18:58:42+00:00\",\"dateModified\":\"2023-05-16T08:56:14+00:00\",\"breadcrumb\":{\"@id\":\"https:\\\/\\\/hotel-gio.de\\\/en\\\/imprint\\\/#breadcrumb\"},\"inLanguage\":\"en-GB\",\"potentialAction\":[{\"@type\":\"ReadAction\",\"target\":[\"https:\\\/\\\/hotel-gio.de\\\/en\\\/imprint\\\/\"]}]},{\"@type\":\"BreadcrumbList\",\"@id\":\"https:\\\/\\\/hotel-gio.de\\\/en\\\/imprint\\\/#breadcrumb\",\"itemListElement\":[{\"@type\":\"ListItem\",\"position\":1,\"name\":\"Startseite\",\"item\":\"https:\\\/\\\/hotel-gio.de\\\/en\\\/\"},{\"@type\":\"ListItem\",\"position\":2,\"name\":\"Imprint\"}]},{\"@type\":\"WebSite\",\"@id\":\"https:\\\/\\\/hotel-gio.de\\\/en\\\/#website\",\"url\":\"https:\\\/\\\/hotel-gio.de\\\/en\\\/\",\"name\":\"Gio Hotel Munich\",\"description\":\"\",\"potentialAction\":[{\"@type\":\"SearchAction\",\"target\":{\"@type\":\"EntryPoint\",\"urlTemplate\":\"https:\\\/\\\/hotel-gio.de\\\/en\\\/?s={search_term_string}\"},\"query-input\":{\"@type\":\"PropertyValueSpecification\",\"valueRequired\":true,\"valueName\":\"search_term_string\"}}],\"inLanguage\":\"en-GB\"}]}<\/script>\n<!-- \/ Yoast SEO plugin. -->","yoast_head_json":{"title":"Imprint - Gio Hotel Munich","robots":{"index":"index","follow":"follow","max-snippet":"max-snippet:-1","max-image-preview":"max-image-preview:large","max-video-preview":"max-video-preview:-1"},"canonical":"https:\/\/hotel-gio.de\/en\/imprint\/","og_locale":"en_GB","og_type":"article","og_title":"Imprint - Gio Hotel Munich","og_description":"IMPRINT Details in accordance with section 5 of the german telemedia ACT (TMG) Eckelmann Hotel Group GmbH H\u00e4berlstra\u00dfe 9 80337 M\u00fcnchen Represented by: Point of contact: Raphael Koppmann Telefax: +49 (0)89 552 932 91 E-Mail: info@eckelmann-hotelgroup.de Registry Entry: Entry in the Trade and Commercial Register: Registry Court: Munich District Court Register number: HRB 229117 VAT [&hellip;]","og_url":"https:\/\/hotel-gio.de\/en\/imprint\/","og_site_name":"Gio Hotel Munich","article_modified_time":"2023-05-16T08:56:14+00:00","twitter_card":"summary_large_image","twitter_misc":{"Estimated reading time":"3 minutes"},"schema":{"@context":"https:\/\/schema.org","@graph":[{"@type":"WebPage","@id":"https:\/\/hotel-gio.de\/en\/imprint\/","url":"https:\/\/hotel-gio.de\/en\/imprint\/","name":"Imprint - Gio Hotel Munich","isPartOf":{"@id":"https:\/\/hotel-gio.de\/en\/#website"},"datePublished":"2023-05-04T18:58:42+00:00","dateModified":"2023-05-16T08:56:14+00:00","breadcrumb":{"@id":"https:\/\/hotel-gio.de\/en\/imprint\/#breadcrumb"},"inLanguage":"en-GB","potentialAction":[{"@type":"ReadAction","target":["https:\/\/hotel-gio.de\/en\/imprint\/"]}]},{"@type":"BreadcrumbList","@id":"https:\/\/hotel-gio.de\/en\/imprint\/#breadcrumb","itemListElement":[{"@type":"ListItem","position":1,"name":"Startseite","item":"https:\/\/hotel-gio.de\/en\/"},{"@type":"ListItem","position":2,"name":"Imprint"}]},{"@type":"WebSite","@id":"https:\/\/hotel-gio.de\/en\/#website","url":"https:\/\/hotel-gio.de\/en\/","name":"Gio Hotel Munich","description":"","potentialAction":[{"@type":"SearchAction","target":{"@type":"EntryPoint","urlTemplate":"https:\/\/hotel-gio.de\/en\/?s={search_term_string}"},"query-input":{"@type":"PropertyValueSpecification","valueRequired":true,"valueName":"search_term_string"}}],"inLanguage":"en-GB"}]}},"_links":{"self":[{"href":"https:\/\/hotel-gio.de\/en\/wp-json\/wp\/v2\/pages\/13","targetHints":{"allow":["GET"]}}],"collection":[{"href":"https:\/\/hotel-gio.de\/en\/wp-json\/wp\/v2\/pages"}],"about":[{"href":"https:\/\/hotel-gio.de\/en\/wp-json\/wp\/v2\/types\/page"}],"author":[{"embeddable":true,"href":"https:\/\/hotel-gio.de\/en\/wp-json\/wp\/v2\/users\/1"}],"replies":[{"embeddable":true,"href":"https:\/\/hotel-gio.de\/en\/wp-json\/wp\/v2\/comments?post=13"}],"version-history":[{"count":0,"href":"https:\/\/hotel-gio.de\/en\/wp-json\/wp\/v2\/pages\/13\/revisions"}],"wp:attachment":[{"href":"https:\/\/hotel-gio.de\/en\/wp-json\/wp\/v2\/media?parent=13"}],"wp:term":[{"taxonomy":"dipi_cpt_category","embeddable":true,"href":"https:\/\/hotel-gio.de\/en\/wp-json\/wp\/v2\/dipi_cpt_category?post=13"}],"curies":[{"name":"wp","href":"https:\/\/api.w.org\/{rel}","templated":true}]}}